{"id":55,"date":"2023-02-13T10:54:02","date_gmt":"2023-02-13T10:54:02","guid":{"rendered":"http:\/\/www.laendlemaus.at\/?page_id=55"},"modified":"2024-06-03T10:56:19","modified_gmt":"2024-06-03T10:56:19","slug":"startseite","status":"publish","type":"page","link":"https:\/\/www.laendlemaus.at\/","title":{"rendered":"Startseite"},"content":{"rendered":"\n<div class=\"wp-block-cover alignfull is-light has-custom-content-position is-position-bottom-right tw-mb-5 startimg is-style-default wp-duotone-unset-1\" style=\"padding-top:0;padding-right:0;padding-bottom:0;padding-left:0;min-height:300px;aspect-ratio:unset;\"><span aria-hidden=\"true\" class=\"wp-block-cover__background has-background-dim-0 has-background-dim\"><\/span><img loading=\"lazy\" decoding=\"async\" width=\"1920\" height=\"1080\" sizes=\"auto, (max-width: 799px) 200vw,(max-width: 1920px) 100vw,1920px\" class=\"wp-block-cover__image-background wp-image-815\" alt=\"\" src=\"https:\/\/www.laendlemaus.at\/wp-content\/uploads\/2023\/03\/1.jpg\" style=\"object-position:54% 77%\" data-object-fit=\"cover\" data-object-position=\"54% 77%\"\/><div class=\"wp-block-cover__inner-container is-layout-flow wp-block-cover-is-layout-flow\">\n<p class=\"has-text-align-left starttext tw-sm-hidden has-large-font-size\" style=\"padding-top:var(--wp--preset--spacing--20);padding-right:var(--wp--preset--spacing--20);padding-bottom:var(--wp--preset--spacing--20);padding-left:var(--wp--preset--spacing--20)\">Kleine Tiere in Vorarlberg beobachten, erkennen und melden!<\/p>\n<\/div><\/div>\n\n\n\n<div class=\"wp-block-media-text alignwide is-stacked-on-mobile is-vertically-aligned-center startmediatext\" style=\"grid-template-columns:44% auto\"><figure class=\"wp-block-media-text__media\"><img loading=\"lazy\" decoding=\"async\" width=\"1920\" height=\"1080\" src=\"https:\/\/www.laendlemaus.at\/wp-content\/uploads\/2023\/03\/5.jpg\" alt=\"\" class=\"wp-image-818 size-full\"\/><\/figure><div class=\"wp-block-media-text__content\">\n<p class=\"block startboxlink\" style=\"padding-top:var(--wp--preset--spacing--40);padding-right:var(--wp--preset--spacing--40);padding-bottom:var(--wp--preset--spacing--40);padding-left:var(--wp--preset--spacing--40)\">Tauch ein in die geheimnisvolle Welt der Kleins\u00e4uger! Diese kleinen Lebewesen sind vor allem in der Dunkelheit aktiv und leben in den verstecktesten Winkeln unserer Natur. Ihre heimliche Lebensweise macht es uns schwer, sie zu erfassen und besser kennenzulernen. Daher hat die inatura Erlebnis Naturschau Dornbirn ein spannendes Forschungsprojekt gestartet um Wissensl\u00fccken \u00fcber die Verbreitung von Igel &amp; Co. zu schlie\u00dfen. Sei Teil dieser Entdeckungsreise und tauche ein in die faszinierende Welt der kleinen S\u00e4ugetiere!<\/p>\n\n\n\n<p class=\"block startboxlink\" style=\"padding-top:var(--wp--preset--spacing--40);padding-right:var(--wp--preset--spacing--40);padding-bottom:var(--wp--preset--spacing--40);padding-left:var(--wp--preset--spacing--40)\"><a href=\"https:\/\/www.laendlemaus.at\/index.php\/veranstaltungen\/\" data-type=\"page\" data-id=\"141\">&#8230; zu den Veranstaltungen<\/a><br><\/p>\n<\/div><\/div>\n\n\n\n<div class=\"wp-block-media-text alignwide has-media-on-the-right is-stacked-on-mobile is-vertically-aligned-center startmediatext\" style=\"padding-top:0;padding-right:0;padding-bottom:0;padding-left:0;grid-template-columns:auto 44%\"><div class=\"wp-block-media-text__content\">\n<h3 class=\"wp-block-heading\"><strong>Zeig mir deine Maus, Katze!<\/strong><\/h3>\n\n\n\n<p class=\"block startboxlink\" style=\"padding-top:0;padding-right:0;padding-bottom:0;padding-left:0\">Die inatura bittet um Mithilfe beim Sammeln von Daten f\u00fcr die \u201eRote Liste Kleins\u00e4uger Vorarlbergs\u201c. Unter dem Motto \u201eZeig mir deine Maus, Katze!\u201c sammelt die inatura tote M\u00e4use und andere tote Kleins\u00e4uger, die Katzen nach Hause bringen. Von Juni bis November 2024 k\u00f6nnen diese Beutetiere bei der inatura oder bei anderen Sammelstellen in Vorarlberg abgeben werden. Ziel dieser Aktion ist es, so viele Daten wie m\u00f6glich zu der heimischen Kleins\u00e4ugerfauna f\u00fcr die Erstellung der \u201eRoten Liste Kleins\u00e4uger Vorarlbergs\u201c zu bekommen. (Foto: \u00a9 KI erstellt)<\/p>\n\n\n\n<p class=\"block startboxlink\" style=\"padding-top:0;padding-right:0;padding-bottom:0;padding-left:0\"><br><a href=\"https:\/\/www.laendlemaus.at\/index.php\/zeig-mir-deine-maus-katze\/\" data-type=\"page\" data-id=\"1553\">&#8230; zur Mitmach-Aktion Zeig mir deine Maus, Katze!<\/a><br><\/p>\n<\/div><figure class=\"wp-block-media-text__media\"><a href=\"https:\/\/www.laendlemaus.at\/index.php\/zeig-mir-deine-maus-katze\/\"><img loading=\"lazy\" decoding=\"async\" width=\"2360\" height=\"1328\" src=\"https:\/\/www.laendlemaus.at\/wp-content\/uploads\/2024\/06\/Zeig-mir-Deine-Maus-Katze_Bild.jpg\" alt=\"\" class=\"wp-image-1554 size-full\"\/><\/a><\/figure><\/div>\n\n\n\n<div class=\"wp-block-media-text alignwide is-stacked-on-mobile is-vertically-aligned-center startmediatext\" style=\"grid-template-columns:44% auto\"><figure class=\"wp-block-media-text__media\"><img loading=\"lazy\" decoding=\"async\" width=\"1920\" height=\"1080\" src=\"https:\/\/www.laendlemaus.at\/wp-content\/uploads\/2023\/02\/waldmaus.jpg\" alt=\"\" class=\"wp-image-346 size-full\"\/><\/figure><div class=\"wp-block-media-text__content\">\n<p class=\"block startboxlink\" style=\"padding-top:var(--wp--preset--spacing--40);padding-right:var(--wp--preset--spacing--40);padding-bottom:var(--wp--preset--spacing--40);padding-left:var(--wp--preset--spacing--40)\">Sie haben einen Igel oder anderen Kleins\u00e4uger entdeckt? Jeder Fund und jede Beobachtung ist f\u00fcr uns wichtig und Sie tragen damit aktiv dazu bei, mehr \u00fcber das Vorkommen dieser Tiergruppe im L\u00e4ndle zu erfahren.<\/p>\n\n\n\n<p class=\"block startboxlink\" style=\"padding-top:var(--wp--preset--spacing--40);padding-right:var(--wp--preset--spacing--40);padding-bottom:var(--wp--preset--spacing--40);padding-left:var(--wp--preset--spacing--40)\"><br><a href=\"https:\/\/www.laendlemaus.at\/index.php\/projektinhalt\/\" data-type=\"page\" data-id=\"108\">&#8230; zur Fundmeldung<\/a><\/p>\n\n\n\n<div class=\"wp-block-buttons buttonfield is-content-justification-left is-layout-flex wp-container-core-buttons-is-layout-1 wp-block-buttons-is-layout-flex\"><\/div>\n<\/div><\/div>\n","protected":false},"excerpt":{"rendered":"<p>Tauch ein in die geheimnisvolle Welt der Kleins\u00e4uger! Diese kleinen Lebewesen sind vor allem in der Dunkelheit aktiv und leben in den verstecktesten Winkeln unserer Natur. Ihre heimliche Lebensweise macht es uns schwer, sie zu erfassen und besser kennenzulernen. Daher hat die inatura Erlebnis Naturschau Dornbirn ein spannendes Forschungsprojekt gestartet um Wissensl\u00fccken \u00fcber die Verbreitung&hellip; <a class=\"more-link\" href=\"https:\/\/www.laendlemaus.at\/\"><span class=\"screen-reader-text\">Startseite<\/span> weiterlesen<\/a><\/p>\n","protected":false},"author":1,"featured_media":0,"parent":0,"menu_order":0,"comment_status":"closed","ping_status":"closed","template":"","meta":{"_themeisle_gutenberg_block_has_review":false,"footnotes":""},"class_list":["post-55","page","type-page","status-publish","hentry","entry"],"_links":{"self":[{"href":"https:\/\/www.laendlemaus.at\/index.php\/wp-json\/wp\/v2\/pages\/55","targetHints":{"allow":["GET"]}}],"collection":[{"href":"https:\/\/www.laendlemaus.at\/index.php\/wp-json\/wp\/v2\/pages"}],"about":[{"href":"https:\/\/www.laendlemaus.at\/index.php\/wp-json\/wp\/v2\/types\/page"}],"author":[{"embeddable":true,"href":"https:\/\/www.laendlemaus.at\/index.php\/wp-json\/wp\/v2\/users\/1"}],"replies":[{"embeddable":true,"href":"https:\/\/www.laendlemaus.at\/index.php\/wp-json\/wp\/v2\/comments?post=55"}],"version-history":[{"count":118,"href":"https:\/\/www.laendlemaus.at\/index.php\/wp-json\/wp\/v2\/pages\/55\/revisions"}],"predecessor-version":[{"id":1587,"href":"https:\/\/www.laendlemaus.at\/index.php\/wp-json\/wp\/v2\/pages\/55\/revisions\/1587"}],"wp:attachment":[{"href":"https:\/\/www.laendlemaus.at\/index.php\/wp-json\/wp\/v2\/media?parent=55"}],"curies":[{"name":"wp","href":"https:\/\/api.w.org\/{rel}","templated":true}]}}